{"id":123,"date":"2020-08-24T18:17:17","date_gmt":"2020-08-24T21:17:17","guid":{"rendered":"http:\/\/www.choronapraca.com\/wp\/?page_id=123"},"modified":"2020-09-28T17:07:02","modified_gmt":"2020-09-28T20:07:02","slug":"evento-no-sesi-cultural","status":"publish","type":"page","link":"https:\/\/www.choronapraca.com\/wp\/?page_id=123","title":{"rendered":"evento no SESI Cultural"},"content":{"rendered":"\n<section class=\"wp-block-uagb-section uagb-section__wrap uagb-section__background-image alignfull uagb-block-b27dcae2\"><div class=\"uagb-section__overlay\"><\/div><div class=\"uagb-section__inner-wrap\">\n<section class=\"wp-block-uagb-section uagb-section__wrap uagb-section__background-undefined uagb-block-589ced24\"><div class=\"uagb-section__overlay\"><\/div><div class=\"uagb-section__inner-wrap\">\n<section class=\"wp-block-uagb-columns uagb-columns__wrap uagb-columns__background-undefined uagb-columns__stack-mobile uagb-columns__valign-undefined uagb-columns__gap-10 alignundefined uagb-block-01f81b8c\"><div class=\"uagb-columns__overlay\"><\/div><div class=\"uagb-columns__inner-wrap uagb-columns__columns-1\">\n<div class=\"wp-block-uagb-column uagb-column__wrap uagb-column__background-undefined uagb-block-5b69804e\"><div class=\"uagb-column__overlay\"><\/div><div class=\"uagb-column__inner-wrap\">\n<p class=\"has-text-align-center has-medium-font-size\"><span style=\"color:#ffff00\" class=\"has-inline-color\">evento no Sesi Cultural<\/span><\/p>\n<\/div><\/div>\n<\/div><\/section>\n<\/div><\/section>\n\n\n\n<section class=\"wp-block-uagb-section uagb-section__wrap uagb-section__background-undefined uagb-block-7090515c\"><div class=\"uagb-section__overlay\"><\/div><div class=\"uagb-section__inner-wrap\">\n<div class=\"wp-block-image\"><figure class=\"aligncenter size-large\"><a href=\"http:\/\/www.choronapraca.com\/wp\/wp-content\/uploads\/2020\/09\/mu-sesi-matoalto-01.jpg\"><img loading=\"lazy\" decoding=\"async\" width=\"1300\" height=\"799\" src=\"http:\/\/www.choronapraca.com\/wp\/wp-content\/uploads\/2020\/09\/mu-sesi-matoalto-01.jpg\" alt=\"Choro na Pra\u00e7a fez show gratuito na Vila Ol\u00edmpica de Mato Alto da Prefeitura do Rio de Janeiro - Patrocinado pelo Sesi Cultural, grupo contou a hist\u00f3ria do Choro, de Calado a Altamiro\" class=\"wp-image-898\" srcset=\"https:\/\/www.choronapraca.com\/wp\/wp-content\/uploads\/2020\/09\/mu-sesi-matoalto-01.jpg 1300w, https:\/\/www.choronapraca.com\/wp\/wp-content\/uploads\/2020\/09\/mu-sesi-matoalto-01-300x184.jpg 300w, https:\/\/www.choronapraca.com\/wp\/wp-content\/uploads\/2020\/09\/mu-sesi-matoalto-01-768x472.jpg 768w\" sizes=\"auto, (max-width: 1300px) 100vw, 1300px\" \/><\/a><figcaption><strong><span style=\"color:#ffffff\" class=\"has-inline-color\">Choro na Pra\u00e7a fez show gratuito na Vila Ol\u00edmpica de Mato Alto da Prefeitura do Rio de Janeiro &#8211; Patrocinado pelo Sesi Cultural, grupo contou a hist\u00f3ria do Choro, de Calado a Altamiro. <strong>Selecionado pelo projeto Sesi Cultural 2013, o espet\u00e1culo \u201cHist\u00f3ria do Choro\u201d \u00e9 um verdadeiro passeio musical pelo g\u00eanero. O repert\u00f3rio escolhido pelo flautista Edgard Gordilho come\u00e7a com obras dos precursores Joaquim Calado (\u201cFlor amorosa\u201d), Chiquinha Gonzaga (\u201cCorta-jaca\u201d) e Ernesto Nazareth (\u201cOdeon\u201d). Segue por sucessos de geniais consolidadores do g\u00eanero como Pixinguinha (\u201cLamento\u201d), Jacob do Bandolim (\u201cNoites cariocas\u201d) e Waldir Azevedo (\u201cBrasileirinho\u201d). E presta tamb\u00e9m homenagens ao maestro Severino Ara\u00fajo e ao flautista Altamiro Carrilho, dois grandes compositores brasileiros de choro.<\/strong><\/span><\/strong><\/figcaption><\/figure><\/div>\n\n\n\n<section class=\"wp-block-uagb-section uagb-section__wrap uagb-section__background-color uagb-block-af99c774\"><div class=\"uagb-section__overlay\"><\/div><div class=\"uagb-section__inner-wrap\">\n<section class=\"wp-block-uagb-columns uagb-columns__wrap uagb-columns__background-undefined uagb-columns__stack-mobile uagb-columns__valign-undefined uagb-columns__gap-10 alignundefined uagb-block-ac5dd327\"><div class=\"uagb-columns__overlay\"><\/div><div class=\"uagb-columns__inner-wrap uagb-columns__columns-3\">\n<div class=\"wp-block-uagb-column uagb-column__wrap uagb-column__background-undefined uagb-block-3abb8680\"><div class=\"uagb-column__overlay\"><\/div><div class=\"uagb-column__inner-wrap\">\n<div class=\"wp-block-image\"><figure class=\"aligncenter size-medium\"><a href=\"http:\/\/www.choronapraca.com\/wp\/wp-content\/uploads\/2020\/09\/mu-sesi-matoalto-06.jpg\"><img loading=\"lazy\" decoding=\"async\" width=\"300\" height=\"225\" src=\"http:\/\/www.choronapraca.com\/wp\/wp-content\/uploads\/2020\/09\/mu-sesi-matoalto-06-300x225.jpg\" alt=\"Choro na Pra\u00e7a fez show gratuito na Vila Ol\u00edmpica de Mato Alto da Prefeitura do Rio de Janeiro - Patrocinado pelo Sesi Cultural, grupo contou a hist\u00f3ria do Choro, de Calado a Altamiro\" class=\"wp-image-901\" srcset=\"https:\/\/www.choronapraca.com\/wp\/wp-content\/uploads\/2020\/09\/mu-sesi-matoalto-06-300x225.jpg 300w, https:\/\/www.choronapraca.com\/wp\/wp-content\/uploads\/2020\/09\/mu-sesi-matoalto-06-768x576.jpg 768w, https:\/\/www.choronapraca.com\/wp\/wp-content\/uploads\/2020\/09\/mu-sesi-matoalto-06.jpg 1300w\" sizes=\"auto, (max-width: 300px) 100vw, 300px\" \/><\/a><\/figure><\/div>\n<\/div><\/div>\n\n\n\n<div class=\"wp-block-uagb-column uagb-column__wrap uagb-column__background-undefined uagb-block-77a39b74\"><div class=\"uagb-column__overlay\"><\/div><div class=\"uagb-column__inner-wrap\">\n<div class=\"wp-block-image\"><figure class=\"aligncenter size-medium\"><a href=\"http:\/\/www.choronapraca.com\/wp\/wp-content\/uploads\/2020\/09\/mu-sesi-matoalto-03.jpg\"><img loading=\"lazy\" decoding=\"async\" width=\"300\" height=\"225\" src=\"http:\/\/www.choronapraca.com\/wp\/wp-content\/uploads\/2020\/09\/mu-sesi-matoalto-03-300x225.jpg\" alt=\"Choro na Pra\u00e7a fez show gratuito na Vila Ol\u00edmpica de Mato Alto da Prefeitura do Rio de Janeiro - Patrocinado pelo Sesi Cultural, grupo contou a hist\u00f3ria do Choro, de Calado a Altamiro\" class=\"wp-image-899\" srcset=\"https:\/\/www.choronapraca.com\/wp\/wp-content\/uploads\/2020\/09\/mu-sesi-matoalto-03-300x225.jpg 300w, https:\/\/www.choronapraca.com\/wp\/wp-content\/uploads\/2020\/09\/mu-sesi-matoalto-03-768x576.jpg 768w, https:\/\/www.choronapraca.com\/wp\/wp-content\/uploads\/2020\/09\/mu-sesi-matoalto-03.jpg 1300w\" sizes=\"auto, (max-width: 300px) 100vw, 300px\" \/><\/a><\/figure><\/div>\n<\/div><\/div>\n\n\n\n<div class=\"wp-block-uagb-column uagb-column__wrap uagb-column__background-undefined uagb-block-6dcb1362\"><div class=\"uagb-column__overlay\"><\/div><div class=\"uagb-column__inner-wrap\">\n<div class=\"wp-block-image\"><figure class=\"aligncenter size-medium\"><a href=\"http:\/\/www.choronapraca.com\/wp\/wp-content\/uploads\/2020\/09\/mu-sesi-matoalto-05.jpg\"><img loading=\"lazy\" decoding=\"async\" width=\"300\" height=\"225\" src=\"http:\/\/www.choronapraca.com\/wp\/wp-content\/uploads\/2020\/09\/mu-sesi-matoalto-05-300x225.jpg\" alt=\"Choro na Pra\u00e7a fez show gratuito na Vila Ol\u00edmpica de Mato Alto da Prefeitura do Rio de Janeiro - Patrocinado pelo Sesi Cultural, grupo contou a hist\u00f3ria do Choro, de Calado a Altamiro\" class=\"wp-image-900\" srcset=\"https:\/\/www.choronapraca.com\/wp\/wp-content\/uploads\/2020\/09\/mu-sesi-matoalto-05-300x225.jpg 300w, https:\/\/www.choronapraca.com\/wp\/wp-content\/uploads\/2020\/09\/mu-sesi-matoalto-05-768x576.jpg 768w, https:\/\/www.choronapraca.com\/wp\/wp-content\/uploads\/2020\/09\/mu-sesi-matoalto-05.jpg 1300w\" sizes=\"auto, (max-width: 300px) 100vw, 300px\" \/><\/a><\/figure><\/div>\n<\/div><\/div>\n<\/div><\/section>\n<\/div><\/section>\n\n\n\n<section class=\"wp-block-uagb-section uagb-section__wrap uagb-section__background-undefined uagb-block-61e7eeed\"><div class=\"uagb-section__overlay\"><\/div><div class=\"uagb-section__inner-wrap\">\n<p><\/p>\n<\/div><\/section>\n\n\n\n<section class=\"wp-block-uagb-section uagb-section__wrap uagb-section__background-color uagb-block-96b25d8a\"><div class=\"uagb-section__overlay\"><\/div><div class=\"uagb-section__inner-wrap\">\n<section class=\"wp-block-uagb-columns uagb-columns__wrap uagb-columns__background-undefined uagb-columns__stack-mobile uagb-columns__valign-undefined uagb-columns__gap-10 alignfull uagb-block-6046d36b\"><div class=\"uagb-columns__overlay\"><\/div><div class=\"uagb-columns__inner-wrap uagb-columns__columns-3\">\n<div class=\"wp-block-uagb-column uagb-column__wrap uagb-column__background-undefined uagb-block-3423be7e\"><div class=\"uagb-column__overlay\"><\/div><div class=\"uagb-column__inner-wrap\">\n<div class=\"wp-block-image\"><figure class=\"aligncenter size-medium\"><a href=\"http:\/\/www.choronapraca.com\/wp\/wp-content\/uploads\/2020\/09\/mu-imprensa-sesi-matoalto01.jpg\"><img loading=\"lazy\" decoding=\"async\" width=\"300\" height=\"219\" src=\"http:\/\/www.choronapraca.com\/wp\/wp-content\/uploads\/2020\/09\/mu-imprensa-sesi-matoalto01-300x219.jpg\" alt=\"SESI CULTURAL choro na pra\u00e7a m\u00fasica ao vivo\" class=\"wp-image-897\" srcset=\"https:\/\/www.choronapraca.com\/wp\/wp-content\/uploads\/2020\/09\/mu-imprensa-sesi-matoalto01-300x219.jpg 300w, https:\/\/www.choronapraca.com\/wp\/wp-content\/uploads\/2020\/09\/mu-imprensa-sesi-matoalto01-768x560.jpg 768w, https:\/\/www.choronapraca.com\/wp\/wp-content\/uploads\/2020\/09\/mu-imprensa-sesi-matoalto01.jpg 1300w\" sizes=\"auto, (max-width: 300px) 100vw, 300px\" \/><\/a><\/figure><\/div>\n\n\n\n<div class=\"wp-block-image\"><figure class=\"aligncenter size-medium\"><a href=\"http:\/\/www.choronapraca.com\/wp\/wp-content\/uploads\/2020\/09\/mu-sesi-matoalto-catraca.jpg\"><img loading=\"lazy\" decoding=\"async\" width=\"213\" height=\"300\" src=\"http:\/\/www.choronapraca.com\/wp\/wp-content\/uploads\/2020\/09\/mu-sesi-matoalto-catraca-213x300.jpg\" alt=\"SESI CULTURAL choro na pra\u00e7a m\u00fasica ao vivo\" class=\"wp-image-904\" srcset=\"https:\/\/www.choronapraca.com\/wp\/wp-content\/uploads\/2020\/09\/mu-sesi-matoalto-catraca-213x300.jpg 213w, https:\/\/www.choronapraca.com\/wp\/wp-content\/uploads\/2020\/09\/mu-sesi-matoalto-catraca.jpg 699w\" sizes=\"auto, (max-width: 213px) 100vw, 213px\" \/><\/a><\/figure><\/div>\n<\/div><\/div>\n\n\n\n<div class=\"wp-block-uagb-column uagb-column__wrap uagb-column__background-undefined uagb-block-401ef841\"><div class=\"uagb-column__overlay\"><\/div><div class=\"uagb-column__inner-wrap\">\n<div class=\"wp-block-image\"><figure class=\"aligncenter size-medium\"><a href=\"http:\/\/www.choronapraca.com\/wp\/wp-content\/uploads\/2020\/09\/mu-sesi-matoalto-aibnews.jpg\"><img loading=\"lazy\" decoding=\"async\" width=\"195\" height=\"300\" src=\"http:\/\/www.choronapraca.com\/wp\/wp-content\/uploads\/2020\/09\/mu-sesi-matoalto-aibnews-195x300.jpg\" alt=\"SESI CULTURAL choro na pra\u00e7a m\u00fasica ao vivo\" class=\"wp-image-902\" srcset=\"https:\/\/www.choronapraca.com\/wp\/wp-content\/uploads\/2020\/09\/mu-sesi-matoalto-aibnews-195x300.jpg 195w, https:\/\/www.choronapraca.com\/wp\/wp-content\/uploads\/2020\/09\/mu-sesi-matoalto-aibnews.jpg 640w\" sizes=\"auto, (max-width: 195px) 100vw, 195px\" \/><\/a><\/figure><\/div>\n\n\n\n<div class=\"wp-block-image\"><figure class=\"aligncenter size-medium\"><a href=\"http:\/\/www.choronapraca.com\/wp\/wp-content\/uploads\/2020\/09\/mu-sesi-matoalto-sopacultur.jpg\"><img loading=\"lazy\" decoding=\"async\" width=\"232\" height=\"300\" src=\"http:\/\/www.choronapraca.com\/wp\/wp-content\/uploads\/2020\/09\/mu-sesi-matoalto-sopacultur-232x300.jpg\" alt=\"SESI CULTURAL choro na pra\u00e7a m\u00fasica ao vivo\" class=\"wp-image-906\" srcset=\"https:\/\/www.choronapraca.com\/wp\/wp-content\/uploads\/2020\/09\/mu-sesi-matoalto-sopacultur-232x300.jpg 232w, https:\/\/www.choronapraca.com\/wp\/wp-content\/uploads\/2020\/09\/mu-sesi-matoalto-sopacultur.jpg 714w\" sizes=\"auto, (max-width: 232px) 100vw, 232px\" \/><\/a><\/figure><\/div>\n<\/div><\/div>\n\n\n\n<div class=\"wp-block-uagb-column uagb-column__wrap uagb-column__background-undefined uagb-block-1d5f6cd5\"><div class=\"uagb-column__overlay\"><\/div><div class=\"uagb-column__inner-wrap\">\n<div class=\"wp-block-image\"><figure class=\"aligncenter size-medium\"><a href=\"http:\/\/www.choronapraca.com\/wp\/wp-content\/uploads\/2020\/09\/mu-sesi-matoalto-blah.jpg\"><img loading=\"lazy\" decoding=\"async\" width=\"199\" height=\"300\" src=\"http:\/\/www.choronapraca.com\/wp\/wp-content\/uploads\/2020\/09\/mu-sesi-matoalto-blah-199x300.jpg\" alt=\"SESI CULTURAL choro na pra\u00e7a m\u00fasica ao vivo\" class=\"wp-image-903\" srcset=\"https:\/\/www.choronapraca.com\/wp\/wp-content\/uploads\/2020\/09\/mu-sesi-matoalto-blah-199x300.jpg 199w, https:\/\/www.choronapraca.com\/wp\/wp-content\/uploads\/2020\/09\/mu-sesi-matoalto-blah.jpg 658w\" sizes=\"auto, (max-width: 199px) 100vw, 199px\" \/><\/a><\/figure><\/div>\n\n\n\n<div class=\"wp-block-image\"><figure class=\"aligncenter size-medium\"><a href=\"http:\/\/www.choronapraca.com\/wp\/wp-content\/uploads\/2020\/09\/mu-sesi-matoalto-sambachoro.jpg\"><img loading=\"lazy\" decoding=\"async\" width=\"300\" height=\"170\" src=\"http:\/\/www.choronapraca.com\/wp\/wp-content\/uploads\/2020\/09\/mu-sesi-matoalto-sambachoro-300x170.jpg\" alt=\"SESI CULTURAL choro na pra\u00e7a m\u00fasica ao vivo\" class=\"wp-image-905\" srcset=\"https:\/\/www.choronapraca.com\/wp\/wp-content\/uploads\/2020\/09\/mu-sesi-matoalto-sambachoro-300x170.jpg 300w, https:\/\/www.choronapraca.com\/wp\/wp-content\/uploads\/2020\/09\/mu-sesi-matoalto-sambachoro-768x435.jpg 768w, https:\/\/www.choronapraca.com\/wp\/wp-content\/uploads\/2020\/09\/mu-sesi-matoalto-sambachoro.jpg 873w\" sizes=\"auto, (max-width: 300px) 100vw, 300px\" \/><\/a><\/figure><\/div>\n<\/div><\/div>\n<\/div><\/section>\n\n\n\n<p><\/p>\n<\/div><\/section>\n\n\n\n<section class=\"wp-block-uagb-section uagb-section__wrap uagb-section__background-undefined uagb-block-1ec90436\"><div class=\"uagb-section__overlay\"><\/div><div class=\"uagb-section__inner-wrap\">\n<p><\/p>\n<\/div><\/section>\n\n\n\n<section class=\"wp-block-uagb-section uagb-section__wrap uagb-section__background-undefined uagb-block-0453456e\"><div class=\"uagb-section__overlay\"><\/div><div class=\"uagb-section__inner-wrap\">\n<figure class=\"wp-block-embed-youtube aligncenter wp-block-embed is-type-video is-provider-youtube wp-embed-aspect-16-9 wp-has-aspect-ratio\"><div class=\"wp-block-embed__wrapper\">\n<iframe loading=\"lazy\" title=\"CHORO NA PRA\u00c7A  \u00ae Villa-Lobos choro n\u00ba 1 www.choronapraca.com SESI CULTURAL Rio de Janeiro chorinho\" width=\"500\" height=\"281\" src=\"https:\/\/www.youtube.com\/embed\/HbyE5-8wnP4?start=52&#038;feature=oembed\" frameborder=\"0\" allow=\"accelerometer; autoplay; clipboard-write; encrypted-media; gyroscope; picture-in-picture; web-share\" referrerpolicy=\"strict-origin-when-cross-origin\" allowfullscreen><\/iframe>\n<\/div><\/figure>\n\n\n\n<p><strong>Choro n\u00ba 1 &#8211; Heitor Villa-Lobos<\/strong><br><strong>Originalmente composto para viol\u00e3o solo, com arranjo para sexteto de choro feito por Edgard Gordilho<\/strong><\/p>\n<\/div><\/section>\n\n\n\n<section class=\"wp-block-uagb-section uagb-section__wrap uagb-section__background-undefined uagb-block-1943f0e1\"><div class=\"uagb-section__overlay\"><\/div><div class=\"uagb-section__inner-wrap\">\n<figure class=\"wp-block-embed-youtube aligncenter wp-block-embed is-type-video is-provider-youtube wp-embed-aspect-16-9 wp-has-aspect-ratio\"><div class=\"wp-block-embed__wrapper\">\n<iframe loading=\"lazy\" title=\"CHORO NA PRA\u00c7A  \u00ae SESI cultural o n\u00f3 www.choronapraca.com Candinho Rio de Janeiro chorinho\" width=\"500\" height=\"281\" src=\"https:\/\/www.youtube.com\/embed\/aqaBjJ5OTf0?feature=oembed\" frameborder=\"0\" allow=\"accelerometer; autoplay; clipboard-write; encrypted-media; gyroscope; picture-in-picture; web-share\" referrerpolicy=\"strict-origin-when-cross-origin\" allowfullscreen><\/iframe>\n<\/div><figcaption><strong><span style=\"color:#ffffff\" class=\"has-inline-color\">O n\u00f3 &#8211; Candinho<\/span><\/strong><\/figcaption><\/figure>\n<\/div><\/section>\n\n\n\n<section class=\"wp-block-uagb-section uagb-section__wrap uagb-section__background-undefined uagb-block-a53a0444\"><div class=\"uagb-section__overlay\"><\/div><div class=\"uagb-section__inner-wrap\">\n<div class=\"wp-block-image\"><figure class=\"aligncenter size-medium is-resized\"><a href=\"http:\/\/www.choronapraca.com\/wp\/wp-content\/uploads\/2020\/08\/CNP-logo-nova-scaled-e1599314529932.jpg\"><img decoding=\"async\" src=\"http:\/\/www.choronapraca.com\/wp\/wp-content\/uploads\/2020\/08\/CNP-logo-nova-300x218.jpg\" alt=\"choro na pra\u00e7a rio de janeiro edgard gordilho\" class=\"wp-image-70\" width=\"150\"\/><\/a><\/figure><\/div>\n<\/div><\/section>\n<\/div><\/section>\n\n\n\n<section class=\"wp-block-uagb-section uagb-section__wrap uagb-section__background-undefined uagb-block-b0fafc2d\"><div class=\"uagb-section__overlay\"><\/div><div class=\"uagb-section__inner-wrap\">\n<p style=\"font-size:5px\" class=\"has-text-align-center\">TAGS:  SESI Cultural Choro na Pra\u00e7a m\u00fasica ao vivo<\/p>\n<\/div><\/section>\n<\/div><\/section>\n\n\n\n<p><\/p>\n","protected":false},"excerpt":{"rendered":"","protected":false},"author":1,"featured_media":0,"parent":0,"menu_order":0,"comment_status":"closed","ping_status":"closed","template":"","meta":{"_uag_custom_page_level_css":"","site-sidebar-layout":"no-sidebar","site-content-layout":"page-builder","ast-site-content-layout":"default","site-content-style":"default","site-sidebar-style":"default","ast-global-header-display":"","ast-banner-title-visibility":"","ast-main-header-display":"","ast-hfb-above-header-display":"","ast-hfb-below-header-display":"","ast-hfb-mobile-header-display":"","site-post-title":"disabled","ast-breadcrumbs-content":"","ast-featured-img":"","footer-sml-layout":"","ast-disable-related-posts":"","theme-transparent-header-meta":"default","adv-header-id-meta":"","stick-header-meta":"","header-above-stick-meta":"","header-main-stick-meta":"","header-below-stick-meta":"","astra-migrate-meta-layouts":"default","ast-page-background-enabled":"default","ast-page-background-meta":{"desktop":{"background-color":"","background-image":"","background-repeat":"repeat","background-position":"center center","background-size":"auto","background-attachment":"scroll","background-type":"","background-media":"","overlay-type":"","overlay-color":"","overlay-opacity":"","overlay-gradient":""},"tablet":{"background-color":"","background-image":"","background-repeat":"repeat","background-position":"center center","background-size":"auto","background-attachment":"scroll","background-type":"","background-media":"","overlay-type":"","overlay-color":"","overlay-opacity":"","overlay-gradient":""},"mobile":{"background-color":"","background-image":"","background-repeat":"repeat","background-position":"center center","background-size":"auto","background-attachment":"scroll","background-type":"","background-media":"","overlay-type":"","overlay-color":"","overlay-opacity":"","overlay-gradient":""}},"ast-content-background-meta":{"desktop":{"background-color":"var(--ast-global-color-5)","background-image":"","background-repeat":"repeat","background-position":"center center","background-size":"auto","background-attachment":"scroll","background-type":"","background-media":"","overlay-type":"","overlay-color":"","overlay-opacity":"","overlay-gradient":""},"tablet":{"background-color":"var(--ast-global-color-5)","background-image":"","background-repeat":"repeat","background-position":"center center","background-size":"auto","background-attachment":"scroll","background-type":"","background-media":"","overlay-type":"","overlay-color":"","overlay-opacity":"","overlay-gradient":""},"mobile":{"background-color":"var(--ast-global-color-5)","background-image":"","background-repeat":"repeat","background-position":"center center","background-size":"auto","background-attachment":"scroll","background-type":"","background-media":"","overlay-type":"","overlay-color":"","overlay-opacity":"","overlay-gradient":""}},"ngg_post_thumbnail":0,"footnotes":""},"class_list":["post-123","page","type-page","status-publish","hentry"],"uagb_featured_image_src":{"full":false,"thumbnail":false,"medium":false,"medium_large":false,"large":false,"1536x1536":false,"2048x2048":false},"uagb_author_info":{"display_name":"gordilho_bd","author_link":"https:\/\/www.choronapraca.com\/wp\/?author=1"},"uagb_comment_info":0,"uagb_excerpt":null,"_links":{"self":[{"href":"https:\/\/www.choronapraca.com\/wp\/index.php?rest_route=\/wp\/v2\/pages\/123","targetHints":{"allow":["GET"]}}],"collection":[{"href":"https:\/\/www.choronapraca.com\/wp\/index.php?rest_route=\/wp\/v2\/pages"}],"about":[{"href":"https:\/\/www.choronapraca.com\/wp\/index.php?rest_route=\/wp\/v2\/types\/page"}],"author":[{"embeddable":true,"href":"https:\/\/www.choronapraca.com\/wp\/index.php?rest_route=\/wp\/v2\/users\/1"}],"replies":[{"embeddable":true,"href":"https:\/\/www.choronapraca.com\/wp\/index.php?rest_route=%2Fwp%2Fv2%2Fcomments&post=123"}],"version-history":[{"count":3,"href":"https:\/\/www.choronapraca.com\/wp\/index.php?rest_route=\/wp\/v2\/pages\/123\/revisions"}],"predecessor-version":[{"id":1683,"href":"https:\/\/www.choronapraca.com\/wp\/index.php?rest_route=\/wp\/v2\/pages\/123\/revisions\/1683"}],"wp:attachment":[{"href":"https:\/\/www.choronapraca.com\/wp\/index.php?rest_route=%2Fwp%2Fv2%2Fmedia&parent=123"}],"curies":[{"name":"wp","href":"https:\/\/api.w.org\/{rel}","templated":true}]}}