{"id":127,"date":"2020-08-24T18:25:35","date_gmt":"2020-08-24T21:25:35","guid":{"rendered":"http:\/\/www.choronapraca.com\/wp\/?page_id=127"},"modified":"2022-06-12T18:36:03","modified_gmt":"2022-06-12T21:36:03","slug":"festival-da-cachaca-de-paraty","status":"publish","type":"page","link":"https:\/\/www.choronapraca.com\/wp\/?page_id=127","title":{"rendered":"festival da cacha\u00e7a de Paraty"},"content":{"rendered":"\n<section class=\"wp-block-uagb-section uagb-section__wrap uagb-section__background-image uagb-block-be5b3103\"><div class=\"uagb-section__overlay\"><\/div><div class=\"uagb-section__inner-wrap\">\n<section class=\"wp-block-uagb-section uagb-section__wrap uagb-section__background-undefined uagb-block-1f32dee5\"><div class=\"uagb-section__overlay\"><\/div><div class=\"uagb-section__inner-wrap\">\n<section class=\"wp-block-uagb-columns uagb-columns__wrap uagb-columns__background-undefined uagb-columns__stack-mobile uagb-columns__valign-undefined uagb-columns__gap-10 alignundefined uagb-block-e3a038e5\"><div class=\"uagb-columns__overlay\"><\/div><div class=\"uagb-columns__inner-wrap uagb-columns__columns-1\">\n<div class=\"wp-block-uagb-column uagb-column__wrap uagb-column__background-undefined uagb-block-26a3cc37\"><div class=\"uagb-column__overlay\"><\/div><div class=\"uagb-column__inner-wrap\">\n<p class=\"has-text-align-center has-medium-font-size\"><mark style=\"background-color:rgba(0, 0, 0, 0);color:#ffff00\" class=\"has-inline-color\"><strong>XXXII Festival da Cacha\u00e7a, Cultura &amp; Sabores de Paraty &#8211;  2014<\/strong><\/mark><\/p>\n<\/div><\/div>\n<\/div><\/section>\n<\/div><\/section>\n\n\n\n<section class=\"wp-block-uagb-section uagb-section__wrap uagb-section__background-color uagb-block-36cd8e91\"><div class=\"uagb-section__overlay\"><\/div><div class=\"uagb-section__inner-wrap\">\n<section class=\"wp-block-uagb-columns uagb-columns__wrap uagb-columns__background-undefined uagb-columns__stack-mobile uagb-columns__valign-undefined uagb-columns__gap-10 alignundefined uagb-block-d8a269c3\"><div class=\"uagb-columns__overlay\"><\/div><div class=\"uagb-columns__inner-wrap uagb-columns__columns-3\">\n<div class=\"wp-block-uagb-column uagb-column__wrap uagb-column__background-undefined uagb-block-99f96641\"><div class=\"uagb-column__overlay\"><\/div><div class=\"uagb-column__inner-wrap\">\n<figure class=\"wp-block-image aligncenter size-medium\"><a href=\"http:\/\/www.choronapraca.com\/wp\/wp-content\/uploads\/2020\/09\/mu-paratyFCSC004.jpg\" target=\"_blank\" rel=\"noreferrer noopener\"><img loading=\"lazy\" decoding=\"async\" width=\"300\" height=\"196\" src=\"http:\/\/www.choronapraca.com\/wp\/wp-content\/uploads\/2020\/09\/mu-paratyFCSC004-300x196.jpg\" alt=\"festival da cacha\u00e7a, cultura e sabores de Paraty choro na pra\u00e7a m\u00fasica ao vivo\" class=\"wp-image-1105\" srcset=\"https:\/\/www.choronapraca.com\/wp\/wp-content\/uploads\/2020\/09\/mu-paratyFCSC004-300x196.jpg 300w, https:\/\/www.choronapraca.com\/wp\/wp-content\/uploads\/2020\/09\/mu-paratyFCSC004-768x502.jpg 768w, https:\/\/www.choronapraca.com\/wp\/wp-content\/uploads\/2020\/09\/mu-paratyFCSC004.jpg 1300w\" sizes=\"auto, (max-width: 300px) 100vw, 300px\" \/><\/a><\/figure>\n<\/div><\/div>\n\n\n\n<div class=\"wp-block-uagb-column uagb-column__wrap uagb-column__background-undefined uagb-block-48788c82\"><div class=\"uagb-column__overlay\"><\/div><div class=\"uagb-column__inner-wrap\">\n<figure class=\"wp-block-image aligncenter size-medium\"><a href=\"http:\/\/www.choronapraca.com\/wp\/wp-content\/uploads\/2020\/09\/mu-paratyFCSC006.jpg\" target=\"_blank\" rel=\"noreferrer noopener\"><img loading=\"lazy\" decoding=\"async\" width=\"300\" height=\"225\" src=\"http:\/\/www.choronapraca.com\/wp\/wp-content\/uploads\/2020\/09\/mu-paratyFCSC006-300x225.jpg\" alt=\"festival da cacha\u00e7a, cultura e sabores de Paraty choro na pra\u00e7a m\u00fasica ao vivo\" class=\"wp-image-1106\" srcset=\"https:\/\/www.choronapraca.com\/wp\/wp-content\/uploads\/2020\/09\/mu-paratyFCSC006-300x225.jpg 300w, https:\/\/www.choronapraca.com\/wp\/wp-content\/uploads\/2020\/09\/mu-paratyFCSC006-1365x1024.jpg 1365w, https:\/\/www.choronapraca.com\/wp\/wp-content\/uploads\/2020\/09\/mu-paratyFCSC006-768x576.jpg 768w, https:\/\/www.choronapraca.com\/wp\/wp-content\/uploads\/2020\/09\/mu-paratyFCSC006-1536x1152.jpg 1536w, https:\/\/www.choronapraca.com\/wp\/wp-content\/uploads\/2020\/09\/mu-paratyFCSC006.jpg 1920w\" sizes=\"auto, (max-width: 300px) 100vw, 300px\" \/><\/a><\/figure>\n<\/div><\/div>\n\n\n\n<div class=\"wp-block-uagb-column uagb-column__wrap uagb-column__background-undefined uagb-block-7bdefb4f\"><div class=\"uagb-column__overlay\"><\/div><div class=\"uagb-column__inner-wrap\">\n<figure class=\"wp-block-image aligncenter size-medium\"><a href=\"http:\/\/www.choronapraca.com\/wp\/wp-content\/uploads\/2020\/09\/mu-paratyFCSC003.jpg\" target=\"_blank\" rel=\"noreferrer noopener\"><img loading=\"lazy\" decoding=\"async\" width=\"300\" height=\"173\" src=\"http:\/\/www.choronapraca.com\/wp\/wp-content\/uploads\/2020\/09\/mu-paratyFCSC003-300x173.jpg\" alt=\"festival da cacha\u00e7a, cultura e sabores de Paraty choro na pra\u00e7a m\u00fasica ao vivo\" class=\"wp-image-1104\" srcset=\"https:\/\/www.choronapraca.com\/wp\/wp-content\/uploads\/2020\/09\/mu-paratyFCSC003-300x173.jpg 300w, https:\/\/www.choronapraca.com\/wp\/wp-content\/uploads\/2020\/09\/mu-paratyFCSC003-768x443.jpg 768w, https:\/\/www.choronapraca.com\/wp\/wp-content\/uploads\/2020\/09\/mu-paratyFCSC003.jpg 1300w\" sizes=\"auto, (max-width: 300px) 100vw, 300px\" \/><\/a><\/figure>\n<\/div><\/div>\n<\/div><\/section>\n\n\n\n<section class=\"wp-block-uagb-columns uagb-columns__wrap uagb-columns__background-undefined uagb-columns__stack-mobile uagb-columns__valign-undefined uagb-columns__gap-10 alignundefined uagb-block-3065c72b\"><div class=\"uagb-columns__overlay\"><\/div><div class=\"uagb-columns__inner-wrap uagb-columns__columns-3\">\n<div class=\"wp-block-uagb-column uagb-column__wrap uagb-column__background-undefined uagb-block-1ce63181\"><div class=\"uagb-column__overlay\"><\/div><div class=\"uagb-column__inner-wrap\"><\/div><\/div>\n\n\n\n<div class=\"wp-block-uagb-column uagb-column__wrap uagb-column__background-undefined uagb-block-37f4e464\"><div class=\"uagb-column__overlay\"><\/div><div class=\"uagb-column__inner-wrap\">\n<figure class=\"wp-block-image aligncenter size-medium\"><a href=\"http:\/\/www.choronapraca.com\/wp\/wp-content\/uploads\/2020\/09\/mu-paratyflyer20140822.jpg\" target=\"_blank\" rel=\"noreferrer noopener\"><img loading=\"lazy\" decoding=\"async\" width=\"300\" height=\"135\" src=\"http:\/\/www.choronapraca.com\/wp\/wp-content\/uploads\/2020\/09\/mu-paratyflyer20140822-300x135.jpg\" alt=\"festival da cacha\u00e7a, cultura e sabores de Paraty choro na pra\u00e7a m\u00fasica ao vivo\" class=\"wp-image-1107\" srcset=\"https:\/\/www.choronapraca.com\/wp\/wp-content\/uploads\/2020\/09\/mu-paratyflyer20140822-300x135.jpg 300w, https:\/\/www.choronapraca.com\/wp\/wp-content\/uploads\/2020\/09\/mu-paratyflyer20140822-768x346.jpg 768w, https:\/\/www.choronapraca.com\/wp\/wp-content\/uploads\/2020\/09\/mu-paratyflyer20140822.jpg 1300w\" sizes=\"auto, (max-width: 300px) 100vw, 300px\" \/><\/a><\/figure>\n\n\n\n<p><\/p>\n<\/div><\/div>\n\n\n\n<div class=\"wp-block-uagb-column uagb-column__wrap uagb-column__background-undefined uagb-block-ba04e04b\"><div class=\"uagb-column__overlay\"><\/div><div class=\"uagb-column__inner-wrap\"><\/div><\/div>\n<\/div><\/section>\n\n\n\n<section class=\"wp-block-uagb-columns uagb-columns__wrap uagb-columns__background-undefined uagb-columns__stack-mobile uagb-columns__valign-undefined uagb-columns__gap-10 alignundefined uagb-block-3a17690e\"><div class=\"uagb-columns__overlay\"><\/div><div class=\"uagb-columns__inner-wrap uagb-columns__columns-2\">\n<div class=\"wp-block-uagb-column uagb-column__wrap uagb-column__background-undefined uagb-block-23d6c167\"><div class=\"uagb-column__overlay\"><\/div><div class=\"uagb-column__inner-wrap\">\n<figure class=\"wp-block-image aligncenter size-medium is-resized\"><a href=\"https:\/\/www.choronapraca.com\/wp\/wp-content\/uploads\/2022\/06\/ParatyDivino01.jpg\" target=\"_blank\" rel=\"noreferrer noopener\"><img loading=\"lazy\" decoding=\"async\" src=\"https:\/\/www.choronapraca.com\/wp\/wp-content\/uploads\/2022\/06\/ParatyDivino01-300x199.jpg\" alt=\"Paraty Festa do Divino Choro na Pra\u00e7a\" class=\"wp-image-3143\" width=\"300\" height=\"199\" srcset=\"https:\/\/www.choronapraca.com\/wp\/wp-content\/uploads\/2022\/06\/ParatyDivino01-300x199.jpg 300w, https:\/\/www.choronapraca.com\/wp\/wp-content\/uploads\/2022\/06\/ParatyDivino01-1546x1024.jpg 1546w, https:\/\/www.choronapraca.com\/wp\/wp-content\/uploads\/2022\/06\/ParatyDivino01-768x509.jpg 768w, https:\/\/www.choronapraca.com\/wp\/wp-content\/uploads\/2022\/06\/ParatyDivino01-1536x1017.jpg 1536w, https:\/\/www.choronapraca.com\/wp\/wp-content\/uploads\/2022\/06\/ParatyDivino01.jpg 1800w\" sizes=\"auto, (max-width: 300px) 100vw, 300px\" \/><\/a><figcaption><strong>Festa do Divino Esp\u00edrito Santo<\/strong><\/figcaption><\/figure>\n<\/div><\/div>\n\n\n\n<div class=\"wp-block-uagb-column uagb-column__wrap uagb-column__background-undefined uagb-block-ce6ad86d\"><div class=\"uagb-column__overlay\"><\/div><div class=\"uagb-column__inner-wrap\">\n<figure class=\"wp-block-image aligncenter size-medium is-resized\"><a href=\"https:\/\/www.choronapraca.com\/wp\/wp-content\/uploads\/2022\/06\/ParatyDivino02.jpg\" target=\"_blank\" rel=\"noreferrer noopener\"><img loading=\"lazy\" decoding=\"async\" src=\"https:\/\/www.choronapraca.com\/wp\/wp-content\/uploads\/2022\/06\/ParatyDivino02-300x190.jpg\" alt=\"Paraty Festa do Divino Choro na Pra\u00e7a\" class=\"wp-image-3142\" width=\"300\" height=\"190\" srcset=\"https:\/\/www.choronapraca.com\/wp\/wp-content\/uploads\/2022\/06\/ParatyDivino02-300x190.jpg 300w, https:\/\/www.choronapraca.com\/wp\/wp-content\/uploads\/2022\/06\/ParatyDivino02-1615x1024.jpg 1615w, https:\/\/www.choronapraca.com\/wp\/wp-content\/uploads\/2022\/06\/ParatyDivino02-768x487.jpg 768w, https:\/\/www.choronapraca.com\/wp\/wp-content\/uploads\/2022\/06\/ParatyDivino02-1536x974.jpg 1536w, https:\/\/www.choronapraca.com\/wp\/wp-content\/uploads\/2022\/06\/ParatyDivino02.jpg 1790w\" sizes=\"auto, (max-width: 300px) 100vw, 300px\" \/><\/a><\/figure>\n<\/div><\/div>\n<\/div><\/section>\n<\/div><\/section>\n\n\n\n<section class=\"wp-block-uagb-section uagb-section__wrap uagb-section__background-undefined uagb-block-8ceb16b7\"><div class=\"uagb-section__overlay\"><\/div><div class=\"uagb-section__inner-wrap\">\n<figure class=\"wp-block-image aligncenter size-full\"><img loading=\"lazy\" decoding=\"async\" width=\"1920\" height=\"1080\" src=\"http:\/\/www.choronapraca.com\/wp\/wp-content\/uploads\/2020\/08\/DSC03731-edit03.jpg\" alt=\"choro na pra\u00e7a festival da cacha\u00e7a de paraty\" class=\"wp-image-149\" srcset=\"https:\/\/www.choronapraca.com\/wp\/wp-content\/uploads\/2020\/08\/DSC03731-edit03.jpg 1920w, https:\/\/www.choronapraca.com\/wp\/wp-content\/uploads\/2020\/08\/DSC03731-edit03-300x169.jpg 300w, https:\/\/www.choronapraca.com\/wp\/wp-content\/uploads\/2020\/08\/DSC03731-edit03-1820x1024.jpg 1820w, https:\/\/www.choronapraca.com\/wp\/wp-content\/uploads\/2020\/08\/DSC03731-edit03-768x432.jpg 768w, https:\/\/www.choronapraca.com\/wp\/wp-content\/uploads\/2020\/08\/DSC03731-edit03-1536x864.jpg 1536w\" sizes=\"auto, (max-width: 1920px) 100vw, 1920px\" \/><figcaption><strong><span style=\"color:#ffffff\" class=\"has-inline-color\">Festival da Cacha\u00e7a, Cultura e Sabores de Paraty &#8211; Choro na Pra\u00e7a <\/span><\/strong><\/figcaption><\/figure>\n\n\n\n<p><\/p>\n<\/div><\/section>\n\n\n\n<section class=\"wp-block-uagb-section uagb-section__wrap uagb-section__background-undefined uagb-block-54323253\"><div class=\"uagb-section__overlay\"><\/div><div class=\"uagb-section__inner-wrap\">\n<section class=\"wp-block-uagb-columns uagb-columns__wrap uagb-columns__background-undefined uagb-columns__stack-mobile uagb-columns__valign-undefined uagb-columns__gap-10 alignundefined uagb-block-2951ca89\"><div class=\"uagb-columns__overlay\"><\/div><div class=\"uagb-columns__inner-wrap uagb-columns__columns-1\">\n<div class=\"wp-block-uagb-column uagb-column__wrap uagb-column__background-undefined uagb-block-2d36dfa5\"><div class=\"uagb-column__overlay\"><\/div><div class=\"uagb-column__inner-wrap\">\n<figure class=\"wp-block-image aligncenter size-medium is-resized\"><a href=\"http:\/\/www.choronapraca.com\/wp\/wp-content\/uploads\/2020\/08\/CNP-logo-nova-scaled-e1599314529932.jpg\"><img decoding=\"async\" src=\"http:\/\/www.choronapraca.com\/wp\/wp-content\/uploads\/2020\/08\/CNP-logo-nova-300x218.jpg\" alt=\"choro na pra\u00e7a rio de janeiro edgard gordilho\" class=\"wp-image-70\" width=\"150\"\/><\/a><\/figure>\n<\/div><\/div>\n<\/div><\/section>\n<\/div><\/section>\n\n\n\n<section class=\"wp-block-uagb-section uagb-section__wrap uagb-section__background-undefined uagb-block-cf35cbe7\"><div class=\"uagb-section__overlay\"><\/div><div class=\"uagb-section__inner-wrap\">\n<p class=\"has-text-align-center\" style=\"font-size:5px\">TAGS: Festival da Cacha\u00e7a Cultura &amp; Sabores de Paraty Choro na Pra\u00e7a m\u00fasica ao vivo<\/p>\n<\/div><\/section>\n<\/div><\/section>\n\n\n\n<p><\/p>\n","protected":false},"excerpt":{"rendered":"","protected":false},"author":1,"featured_media":0,"parent":0,"menu_order":0,"comment_status":"closed","ping_status":"closed","template":"","meta":{"_uag_custom_page_level_css":"","site-sidebar-layout":"no-sidebar","site-content-layout":"page-builder","ast-site-content-layout":"default","site-content-style":"default","site-sidebar-style":"default","ast-global-header-display":"","ast-banner-title-visibility":"","ast-main-header-display":"","ast-hfb-above-header-display":"","ast-hfb-below-header-display":"","ast-hfb-mobile-header-display":"","site-post-title":"disabled","ast-breadcrumbs-content":"","ast-featured-img":"","footer-sml-layout":"","ast-disable-related-posts":"","theme-transparent-header-meta":"enabled","adv-header-id-meta":"","stick-header-meta":"","header-above-stick-meta":"","header-main-stick-meta":"","header-below-stick-meta":"","astra-migrate-meta-layouts":"default","ast-page-background-enabled":"default","ast-page-background-meta":{"desktop":{"background-color":"","background-image":"","background-repeat":"repeat","background-position":"center center","background-size":"auto","background-attachment":"scroll","background-type":"","background-media":"","overlay-type":"","overlay-color":"","overlay-opacity":"","overlay-gradient":""},"tablet":{"background-color":"","background-image":"","background-repeat":"repeat","background-position":"center center","background-size":"auto","background-attachment":"scroll","background-type":"","background-media":"","overlay-type":"","overlay-color":"","overlay-opacity":"","overlay-gradient":""},"mobile":{"background-color":"","background-image":"","background-repeat":"repeat","background-position":"center center","background-size":"auto","background-attachment":"scroll","background-type":"","background-media":"","overlay-type":"","overlay-color":"","overlay-opacity":"","overlay-gradient":""}},"ast-content-background-meta":{"desktop":{"background-color":"var(--ast-global-color-5)","background-image":"","background-repeat":"repeat","background-position":"center center","background-size":"auto","background-attachment":"scroll","background-type":"","background-media":"","overlay-type":"","overlay-color":"","overlay-opacity":"","overlay-gradient":""},"tablet":{"background-color":"var(--ast-global-color-5)","background-image":"","background-repeat":"repeat","background-position":"center center","background-size":"auto","background-attachment":"scroll","background-type":"","background-media":"","overlay-type":"","overlay-color":"","overlay-opacity":"","overlay-gradient":""},"mobile":{"background-color":"var(--ast-global-color-5)","background-image":"","background-repeat":"repeat","background-position":"center center","background-size":"auto","background-attachment":"scroll","background-type":"","background-media":"","overlay-type":"","overlay-color":"","overlay-opacity":"","overlay-gradient":""}},"ngg_post_thumbnail":0,"footnotes":""},"class_list":["post-127","page","type-page","status-publish","hentry"],"uagb_featured_image_src":{"full":false,"thumbnail":false,"medium":false,"medium_large":false,"large":false,"1536x1536":false,"2048x2048":false},"uagb_author_info":{"display_name":"gordilho_bd","author_link":"https:\/\/www.choronapraca.com\/wp\/?author=1"},"uagb_comment_info":0,"uagb_excerpt":null,"_links":{"self":[{"href":"https:\/\/www.choronapraca.com\/wp\/index.php?rest_route=\/wp\/v2\/pages\/127","targetHints":{"allow":["GET"]}}],"collection":[{"href":"https:\/\/www.choronapraca.com\/wp\/index.php?rest_route=\/wp\/v2\/pages"}],"about":[{"href":"https:\/\/www.choronapraca.com\/wp\/index.php?rest_route=\/wp\/v2\/types\/page"}],"author":[{"embeddable":true,"href":"https:\/\/www.choronapraca.com\/wp\/index.php?rest_route=\/wp\/v2\/users\/1"}],"replies":[{"embeddable":true,"href":"https:\/\/www.choronapraca.com\/wp\/index.php?rest_route=%2Fwp%2Fv2%2Fcomments&post=127"}],"version-history":[{"count":3,"href":"https:\/\/www.choronapraca.com\/wp\/index.php?rest_route=\/wp\/v2\/pages\/127\/revisions"}],"predecessor-version":[{"id":3148,"href":"https:\/\/www.choronapraca.com\/wp\/index.php?rest_route=\/wp\/v2\/pages\/127\/revisions\/3148"}],"wp:attachment":[{"href":"https:\/\/www.choronapraca.com\/wp\/index.php?rest_route=%2Fwp%2Fv2%2Fmedia&parent=127"}],"curies":[{"name":"wp","href":"https:\/\/api.w.org\/{rel}","templated":true}]}}