{"id":25,"date":"2020-04-05T18:37:35","date_gmt":"2020-04-05T21:37:35","guid":{"rendered":"http:\/\/www.choronapraca.com\/wp\/?page_id=25"},"modified":"2026-01-30T12:14:08","modified_gmt":"2026-01-30T15:14:08","slug":"o-choro-na-praca","status":"publish","type":"page","link":"https:\/\/www.choronapraca.com\/wp\/","title":{"rendered":"home"},"content":{"rendered":"\n<section class=\"wp-block-uagb-section uagb-section__wrap uagb-section__background-image alignfull uagb-block-ddb99d44\"><div class=\"uagb-section__overlay\"><\/div><div class=\"uagb-section__inner-wrap\">\n<section class=\"wp-block-uagb-section uagb-section__wrap uagb-section__background-undefined uagb-block-7cab6b11\"><div class=\"uagb-section__overlay\"><\/div><div class=\"uagb-section__inner-wrap\">\n<section class=\"wp-block-uagb-columns uagb-columns__wrap uagb-columns__background-none uagb-columns__stack-mobile uagb-columns__valign- uagb-columns__gap-10 align uagb-block-95bbe4a3 uagb-columns__columns-1 uagb-columns__max_width-theme\"><div class=\"uagb-columns__overlay\"><\/div><div class=\"uagb-columns__inner-wrap uagb-columns__columns-1\">\n<div class=\"wp-block-uagb-column uagb-column__wrap uagb-column__background-undefined uagb-block-0b5db8d3\"><div class=\"uagb-column__overlay\"><\/div>\n<figure class=\"wp-block-image aligncenter size-medium is-resized\"><img loading=\"lazy\" decoding=\"async\" width=\"300\" height=\"225\" src=\"https:\/\/www.choronapraca.com\/wp\/wp-content\/uploads\/2020\/08\/cnp-logoBB-02-300x225.png\" alt=\"choro na pra\u00e7a rio de janeiro\" class=\"wp-image-69\" style=\"width:150px;height:undefinedpx\"\/><figcaption class=\"wp-element-caption\"><strong><mark style=\"background-color:rgba(0, 0, 0, 0)\" class=\"has-inline-color has-white-color\"> <\/mark>desde 1998<\/strong><\/figcaption><\/figure>\n<\/div>\n<\/div><\/section>\n<\/div><\/section>\n\n\n\n<div class=\"wp-block-uagb-container uagb-block-b74d0b4b alignfull uagb-is-root-container\">\n<p class=\"has-text-align-center has-text-color has-link-color wp-elements-e6b92c3aedac4e4bd342947cb9a08d7a\" style=\"color:#ffff00\"><a href=\"https:\/\/www.choronapraca.com\/wp\/?page_id=109\"><strong>Projetos aprovados nas Leis de Incentivo \u00e0 Cultura, em capta\u00e7\u00e3o de recurso<\/strong>s<\/a><\/p>\n\n\n\n<div class=\"wp-block-uagb-container uagb-block-ab93f3e3\">\n<figure class=\"wp-block-embed is-type-video is-provider-youtube wp-block-embed-youtube wp-embed-aspect-16-9 wp-has-aspect-ratio\"><div class=\"wp-block-embed__wrapper\">\n<iframe loading=\"lazy\" title=\"CHORO NA PRA\u00c7A \u00ae #choronapraca #choro #chorinho\" width=\"500\" height=\"281\" src=\"https:\/\/www.youtube.com\/embed\/Fi7loiMheYo?feature=oembed\" frameborder=\"0\" allow=\"accelerometer; autoplay; clipboard-write; encrypted-media; gyroscope; picture-in-picture; web-share\" referrerpolicy=\"strict-origin-when-cross-origin\" allowfullscreen><\/iframe>\n<\/div><\/figure>\n\n\n\n<p class=\"has-text-align-center has-text-color has-link-color wp-elements-043d18d0ce6cfe54406292ea6f58b222\" style=\"color:#ffff00\"><strong><a href=\"https:\/\/www.choronapraca.com\/wp\/?page_id=3381\">Minist\u00e9rio da Cultura e Instituto Cultural Vale<\/a><\/strong><\/p>\n<\/div>\n\n\n\n<div class=\"wp-block-uagb-container uagb-block-cf256c3d\">\n<figure class=\"wp-block-image alignfull size-full\"><a href=\"https:\/\/www.choronapraca.com\/wp\/?page_id=3381\"><img loading=\"lazy\" decoding=\"async\" width=\"1768\" height=\"911\" src=\"http:\/\/www.choronapraca.com\/wp\/wp-content\/uploads\/2023\/06\/mangaratibaShow06.jpg\" alt=\"Choro na Pra\u00e7a MinC Instituto Cultural Vale\" class=\"wp-image-3805\" srcset=\"https:\/\/www.choronapraca.com\/wp\/wp-content\/uploads\/2023\/06\/mangaratibaShow06.jpg 1768w, https:\/\/www.choronapraca.com\/wp\/wp-content\/uploads\/2023\/06\/mangaratibaShow06-300x155.jpg 300w, https:\/\/www.choronapraca.com\/wp\/wp-content\/uploads\/2023\/06\/mangaratibaShow06-768x396.jpg 768w, https:\/\/www.choronapraca.com\/wp\/wp-content\/uploads\/2023\/06\/mangaratibaShow06-1536x791.jpg 1536w\" sizes=\"auto, (max-width: 1768px) 100vw, 1768px\" \/><\/a><\/figure>\n<\/div>\n<\/div>\n\n\n\n<section class=\"wp-block-uagb-section uagb-section__wrap uagb-section__background-undefined uagb-block-e414c248\"><div class=\"uagb-section__overlay\"><\/div><div class=\"uagb-section__inner-wrap\">\n<figure class=\"wp-block-image aligncenter size-full\"><a href=\"http:\/\/www.choronapraca.com\/wp\/wp-content\/uploads\/2024\/11\/ArLivre-GifAnimada.gif\" target=\"_blank\" rel=\"noreferrer noopener\"><img loading=\"lazy\" decoding=\"async\" width=\"1280\" height=\"720\" src=\"http:\/\/www.choronapraca.com\/wp\/wp-content\/uploads\/2024\/11\/ArLivre-GifAnimada.gif\" alt=\"\" class=\"wp-image-4293\"\/><\/a><figcaption class=\"wp-element-caption\"><strong>Choro na Pra\u00e7a &#8211; shows realizados ao ar livre em pra\u00e7as, parques, ruas etc. a partir do in\u00edcio do grupo em 1998.<\/strong><\/figcaption><\/figure>\n<\/div><\/section>\n\n\n\n<div class=\"wp-block-uagb-container uagb-block-7c577d3d alignfull uagb-is-root-container\"><div class=\"uagb-container-inner-blocks-wrap\">\n<figure class=\"wp-block-image aligncenter size-full\"><img loading=\"lazy\" decoding=\"async\" width=\"1280\" height=\"720\" src=\"http:\/\/www.choronapraca.com\/wp\/wp-content\/uploads\/2024\/11\/GifAnimada.gif\" alt=\"Choro na Pra\u00e7a\" class=\"wp-image-4285\"\/><figcaption class=\"wp-element-caption\"><strong>Choro na Pra\u00e7a &#8211; shows produzidos pela Dois Por Quatro Eventos Art\u00edsticos Ltda. representante exclusiva do grupo, a partir de 2012 na abertura da empresa.<\/strong><\/figcaption><\/figure>\n<\/div><\/div>\n\n\n\n<section class=\"wp-block-uagb-section uagb-section__wrap uagb-section__background-color uagb-block-d1b37bb0\"><div class=\"uagb-section__overlay\"><\/div><div class=\"uagb-section__inner-wrap\">\n<figure class=\"wp-block-embed aligncenter is-type-video is-provider-youtube wp-block-embed-youtube wp-embed-aspect-16-9 wp-has-aspect-ratio\"><div class=\"wp-block-embed__wrapper\">\n<iframe loading=\"lazy\" title=\"100 ANOS DE CHORO Choro na Pra\u00e7a \u00ae www.choronapraca.com  #choronapraca #chorinho #choro\" width=\"500\" height=\"281\" src=\"https:\/\/www.youtube.com\/embed\/GLLnfi5g9l8?start=837&#038;feature=oembed\" frameborder=\"0\" allow=\"accelerometer; autoplay; clipboard-write; encrypted-media; gyroscope; picture-in-picture; web-share\" referrerpolicy=\"strict-origin-when-cross-origin\" allowfullscreen><\/iframe>\n<\/div><\/figure>\n<\/div><\/section>\n\n\n\n<section class=\"wp-block-uagb-section uagb-section__wrap uagb-section__background-color uagb-block-be79ec82\"><div class=\"uagb-section__overlay\"><\/div><div class=\"uagb-section__inner-wrap\">\n<p class=\"has-text-align-center\"><strong>&#8220;O Choro em prosa e m\u00fasica &#8211; de Calado a Altamiro -&#8221; <\/strong><br><strong>V\u00eddeo did\u00e1tico-cultural,  contando os mais de 100 anos do Choro, nosso mais genu\u00edno g\u00eanero musical. <\/strong><br><strong>A vida dos compositores que escreveram a hist\u00f3ria do Choro \u00e9 contada em show do grupo Choro na Pra\u00e7a \u00ae.<\/strong><\/p>\n<\/div><\/section>\n\n\n\n<section class=\"wp-block-uagb-section uagb-section__wrap uagb-section__background-undefined uagb-block-a5e99a6b\"><div class=\"uagb-section__overlay\"><\/div><div class=\"uagb-section__inner-wrap\">\n<p><\/p>\n\n\n\n<section class=\"wp-block-uagb-columns uagb-columns__wrap uagb-columns__background-none uagb-columns__stack-mobile uagb-columns__valign- uagb-columns__gap-10 align uagb-block-d9cd218d uagb-columns__columns-3 uagb-columns__max_width-theme\"><div class=\"uagb-columns__overlay\"><\/div><div class=\"uagb-columns__inner-wrap uagb-columns__columns-3\">\n<div class=\"wp-block-uagb-column uagb-column__wrap uagb-column__background-undefined uagb-block-c47964e0\"><div class=\"uagb-column__overlay\"><\/div>\n<figure class=\"wp-block-image aligncenter size-thumbnail is-resized\"><a href=\"https:\/\/www.youtube.com\/@choronapracabr\" target=\"_blank\" rel=\"noreferrer noopener\"><img loading=\"lazy\" decoding=\"async\" width=\"150\" height=\"150\" src=\"https:\/\/www.choronapraca.com\/wp\/wp-content\/uploads\/2023\/05\/download-150x150.png\" alt=\"youtube\" class=\"wp-image-3626\" style=\"width:38px;height:38px\" srcset=\"https:\/\/www.choronapraca.com\/wp\/wp-content\/uploads\/2023\/05\/download-150x150.png 150w, https:\/\/www.choronapraca.com\/wp\/wp-content\/uploads\/2023\/05\/download.png 225w\" sizes=\"auto, (max-width: 150px) 100vw, 150px\" \/><\/a><\/figure>\n<\/div>\n\n\n\n<div class=\"wp-block-uagb-column uagb-column__wrap uagb-column__background-undefined uagb-block-cd6d63dd\"><div class=\"uagb-column__overlay\"><\/div>\n<figure class=\"wp-block-image aligncenter size-thumbnail is-resized\"><a href=\"https:\/\/www.facebook.com\/ChoronaPracaOficial\" target=\"_blank\" rel=\"noreferrer noopener\"><img loading=\"lazy\" decoding=\"async\" width=\"150\" height=\"150\" src=\"https:\/\/www.choronapraca.com\/wp\/wp-content\/uploads\/2023\/05\/download-1-150x150.png\" alt=\"facebook\" class=\"wp-image-3625\" style=\"width:38px;height:38px\" srcset=\"https:\/\/www.choronapraca.com\/wp\/wp-content\/uploads\/2023\/05\/download-1-150x150.png 150w, https:\/\/www.choronapraca.com\/wp\/wp-content\/uploads\/2023\/05\/download-1.png 225w\" sizes=\"auto, (max-width: 150px) 100vw, 150px\" \/><\/a><\/figure>\n<\/div>\n\n\n\n<div class=\"wp-block-uagb-column uagb-column__wrap uagb-column__background-undefined uagb-block-d98f7f61\"><div class=\"uagb-column__overlay\"><\/div>\n<figure class=\"wp-block-image size-thumbnail is-resized\"><a href=\"https:\/\/www.instagram.com\/choronapracaoficial\/\" target=\"_blank\" rel=\"noreferrer noopener\"><img loading=\"lazy\" decoding=\"async\" width=\"150\" height=\"150\" src=\"https:\/\/www.choronapraca.com\/wp\/wp-content\/uploads\/2023\/05\/instagram-150x150.jpg\" alt=\"instagram\" class=\"wp-image-3627\" style=\"width:38px;height:38px\"\/><\/a><\/figure>\n<\/div>\n<\/div><\/section>\n<\/div><\/section>\n\n\n\n<section class=\"wp-block-uagb-section uagb-section__wrap uagb-section__background-undefined uagb-block-e20c1bef\"><div class=\"uagb-section__overlay\"><\/div><div class=\"uagb-section__inner-wrap\">\n<p class=\"has-text-align-center\" style=\"font-size:5px\">TAGS: CHORO NA PRA\u00c7A RIO DE JANEIRO GRUPO DE CHORINHO CONJUNTO EVENTOS CORPORATIVOS M\u00daSICA AO VIVO CHORINHO BOSSA NOVA SAMBA<\/p>\n<\/div><\/section>\n\n\n\n<p><\/p>\n<\/div><\/section>\n","protected":false},"excerpt":{"rendered":"","protected":false},"author":1,"featured_media":0,"parent":0,"menu_order":0,"comment_status":"closed","ping_status":"closed","template":"","meta":{"_uag_custom_page_level_css":"","site-sidebar-layout":"no-sidebar","site-content-layout":"page-builder","ast-site-content-layout":"full-width-container","site-content-style":"unboxed","site-sidebar-style":"unboxed","ast-global-header-display":"","ast-banner-title-visibility":"","ast-main-header-display":"","ast-hfb-above-header-display":"","ast-hfb-below-header-display":"","ast-hfb-mobile-header-display":"","site-post-title":"disabled","ast-breadcrumbs-content":"","ast-featured-img":"","footer-sml-layout":"disabled","ast-disable-related-posts":"","theme-transparent-header-meta":"enabled","adv-header-id-meta":"","stick-header-meta":"","header-above-stick-meta":"","header-main-stick-meta":"","header-below-stick-meta":"","astra-migrate-meta-layouts":"set","ast-page-background-enabled":"default","ast-page-background-meta":{"desktop":{"background-color":"","background-image":"","background-repeat":"repeat","background-position":"center center","background-size":"auto","background-attachment":"scroll","background-type":"","background-media":"","overlay-type":"","overlay-color":"","overlay-opacity":"","overlay-gradient":""},"tablet":{"background-color":"","background-image":"","background-repeat":"repeat","background-position":"center center","background-size":"auto","background-attachment":"scroll","background-type":"","background-media":"","overlay-type":"","overlay-color":"","overlay-opacity":"","overlay-gradient":""},"mobile":{"background-color":"","background-image":"","background-repeat":"repeat","background-position":"center center","background-size":"auto","background-attachment":"scroll","background-type":"","background-media":"","overlay-type":"","overlay-color":"","overlay-opacity":"","overlay-gradient":""}},"ast-content-background-meta":{"desktop":{"background-color":"var(--ast-global-color-5)","background-image":"","background-repeat":"repeat","background-position":"center center","background-size":"auto","background-attachment":"scroll","background-type":"","background-media":"","overlay-type":"","overlay-color":"","overlay-opacity":"","overlay-gradient":""},"tablet":{"background-color":"var(--ast-global-color-5)","background-image":"","background-repeat":"repeat","background-position":"center center","background-size":"auto","background-attachment":"scroll","background-type":"","background-media":"","overlay-type":"","overlay-color":"","overlay-opacity":"","overlay-gradient":""},"mobile":{"background-color":"var(--ast-global-color-5)","background-image":"","background-repeat":"repeat","background-position":"center center","background-size":"auto","background-attachment":"scroll","background-type":"","background-media":"","overlay-type":"","overlay-color":"","overlay-opacity":"","overlay-gradient":""}},"ngg_post_thumbnail":0,"footnotes":""},"class_list":["post-25","page","type-page","status-publish","hentry"],"uagb_featured_image_src":{"full":false,"thumbnail":false,"medium":false,"medium_large":false,"large":false,"1536x1536":false,"2048x2048":false},"uagb_author_info":{"display_name":"gordilho_bd","author_link":"https:\/\/www.choronapraca.com\/wp\/?author=1"},"uagb_comment_info":0,"uagb_excerpt":null,"_links":{"self":[{"href":"https:\/\/www.choronapraca.com\/wp\/index.php?rest_route=\/wp\/v2\/pages\/25","targetHints":{"allow":["GET"]}}],"collection":[{"href":"https:\/\/www.choronapraca.com\/wp\/index.php?rest_route=\/wp\/v2\/pages"}],"about":[{"href":"https:\/\/www.choronapraca.com\/wp\/index.php?rest_route=\/wp\/v2\/types\/page"}],"author":[{"embeddable":true,"href":"https:\/\/www.choronapraca.com\/wp\/index.php?rest_route=\/wp\/v2\/users\/1"}],"replies":[{"embeddable":true,"href":"https:\/\/www.choronapraca.com\/wp\/index.php?rest_route=%2Fwp%2Fv2%2Fcomments&post=25"}],"version-history":[{"count":3,"href":"https:\/\/www.choronapraca.com\/wp\/index.php?rest_route=\/wp\/v2\/pages\/25\/revisions"}],"predecessor-version":[{"id":4771,"href":"https:\/\/www.choronapraca.com\/wp\/index.php?rest_route=\/wp\/v2\/pages\/25\/revisions\/4771"}],"wp:attachment":[{"href":"https:\/\/www.choronapraca.com\/wp\/index.php?rest_route=%2Fwp%2Fv2%2Fmedia&parent=25"}],"curies":[{"name":"wp","href":"https:\/\/api.w.org\/{rel}","templated":true}]}}